{"id":41,"date":"2016-01-16T20:12:54","date_gmt":"2016-01-16T19:12:54","guid":{"rendered":"http:\/\/www.swarinasweets.at\/?page_id=41"},"modified":"2021-07-28T14:17:14","modified_gmt":"2021-07-28T12:17:14","slug":"ueber-swarina","status":"publish","type":"page","link":"http:\/\/www.swarinasweets.at\/index.php\/ueber-swarina\/","title":{"rendered":"\u00dcber Swarina Sweets"},"content":{"rendered":"<h4><img loading=\"lazy\" class=\"alignleft size-medium wp-image-275\" src=\"http:\/\/www.swarinasweets.at\/wp-content\/uploads\/2017\/07\/mein-Foto-350x350.jpg\" alt=\"\" width=\"350\" height=\"350\">Sophie Holzapfel-Epstein ist Swarina Sweets<\/h4>\n<p style=\"text-align: justify;\">Im Moment bin ich in Babypause und wei\u00df noch nicht wann und ob es hier weiter gehen wird&#8230;<\/p>\n<p style=\"text-align: justify;\">Alles begann vor einigen Jahren als eine gute Freundin heiratet und sich keine Hochzeitstorte leisten wollte. Gebacken hab ich schon seit Kindesalter, doch aus einer gew\u00f6hnlichen Torte eine Hochzeitstorte zu zaubern war neu f\u00fcr mich. Ich war verzaubert! Von diesem Tag an waren Torten meine Passion. Nach meinem Studium f\u00fcr Politikwissenschaften und einigen Jahren in der PR, war es Zeit mein Hobby zum Beruf zu machen. Als ausgebildete Patissier und Absolventin zahlreicher Kurse, wie zum Beispiel bei Peggy Porschen, m\u00f6chte ich nun mein Leben ganz den Torten widmen. All meine Kreationen sind von mir pers\u00f6nlich genau auf die W\u00fcnsche meiner KundInnen abgestimmt.<\/p>\n<p style=\"text-align: justify;\">Mein Wissen und K\u00f6nnen m\u00f6chte ich gerne in individuellen Kursen weitergeben. Torten machen Menschen gl\u00fccklich und genau das ist es was mir so viel Freude am Backen und Dekorieren bereitet. Keine Torte gleicht der anderen und in jeder Torte steckt eine neue Herausforderung f\u00fcr mich. Mir pers\u00f6nlich sind besonders&nbsp;hochwertige Produkte und Materialien wichtig, denn von diesen h\u00e4ngt nun mal ein&nbsp;perfektes Ergebnis ab. Vor allem in meinen individuellen Kursen m\u00f6chte ich genau auf Ihre Interessen, W\u00fcnsche und K\u00f6nnen eingehen, denn all zu oft musste ich bei Kursen feststellen, dass der Inhalt nicht das versprach was ich&nbsp;erwartet hatte.<\/p>\n","protected":false},"excerpt":{"rendered":"<p>Sophie Holzapfel-Epstein ist Swarina Sweets Im Moment bin ich in Babypause und wei\u00df noch nicht wann und ob es hier weiter gehen wird&#8230; Alles begann vor einigen Jahren als eine gute Freundin heiratet und sich keine Hochzeitstorte leisten wollte. Gebacken hab ich schon seit Kindesalter, doch aus einer gew\u00f6hnlichen Torte eine Hochzeitstorte zu zaubern war [&hellip;]<\/p>\n<p><a href=\"http:\/\/www.swarinasweets.at\/index.php\/ueber-swarina\/\" class=\"post-read-more\">Continue Reading&#8230;<\/a><\/p>\n","protected":false},"author":1,"featured_media":72,"parent":0,"menu_order":0,"comment_status":"closed","ping_status":"closed","template":"","meta":[],"_links":{"self":[{"href":"http:\/\/www.swarinasweets.at\/index.php\/wp-json\/wp\/v2\/pages\/41"}],"collection":[{"href":"http:\/\/www.swarinasweets.at\/index.php\/wp-json\/wp\/v2\/pages"}],"about":[{"href":"http:\/\/www.swarinasweets.at\/index.php\/wp-json\/wp\/v2\/types\/page"}],"author":[{"embeddable":true,"href":"http:\/\/www.swarinasweets.at\/index.php\/wp-json\/wp\/v2\/users\/1"}],"replies":[{"embeddable":true,"href":"http:\/\/www.swarinasweets.at\/index.php\/wp-json\/wp\/v2\/comments?post=41"}],"version-history":[{"count":13,"href":"http:\/\/www.swarinasweets.at\/index.php\/wp-json\/wp\/v2\/pages\/41\/revisions"}],"predecessor-version":[{"id":342,"href":"http:\/\/www.swarinasweets.at\/index.php\/wp-json\/wp\/v2\/pages\/41\/revisions\/342"}],"wp:featuredmedia":[{"embeddable":true,"href":"http:\/\/www.swarinasweets.at\/index.php\/wp-json\/wp\/v2\/media\/72"}],"wp:attachment":[{"href":"http:\/\/www.swarinasweets.at\/index.php\/wp-json\/wp\/v2\/media?parent=41"}],"curies":[{"name":"wp","href":"https:\/\/api.w.org\/{rel}","templated":true}]}}