{"id":47,"date":"2016-01-16T20:16:01","date_gmt":"2016-01-16T19:16:01","guid":{"rendered":"http:\/\/www.swarinasweets.at\/?page_id=47"},"modified":"2018-12-04T10:02:32","modified_gmt":"2018-12-04T09:02:32","slug":"workshop-fuer-kinder","status":"publish","type":"page","link":"http:\/\/www.swarinasweets.at\/index.php\/kursangebot\/workshop-fuer-kinder\/","title":{"rendered":"Partykurse f\u00fcr Kinder"},"content":{"rendered":"<p><img loading=\"lazy\" class=\"size-full wp-image-116 alignleft\" src=\"http:\/\/www.swarinasweets.at\/wp-content\/uploads\/2016\/01\/kinderkurse.jpg\" alt=\"kinderkurse\" width=\"350\" height=\"500\" \/><\/p>\n<ul>\n<li>Ein Partykurs ist das Highlight f\u00fcr Ihre Kleinen. Als Programmpunkt w\u00e4hrend einer Veranstaltung oder als Attraktion\u00a0im Rahmen einer Party. Kinder lieben S\u00fc\u00dfes und das Experimentieren mit Geschm\u00e4ckern und Dekorationen. Begeistern Sie Ihre\u00a0jungen\u00a0Partyg\u00e4ste und machen Sie das Fest zu einem unvergesslichen Erlebnis.<\/li>\n<li>F\u00fcr die Betreuung unserer Partykurse f\u00fcr Kinder ist die Anwesenheit einer erwachsenen Aufsichtsperson erforderlich.<\/li>\n<li><strong>Kursinhalte<\/strong><br \/>\nGemeinsame Gestaltung einer Partytorte und verschiedener kleiner Leckereien mit unterschiedlichen\u00a0Dekorationselementen und Materialien.<\/li>\n<li><strong>Teilnehmeranzahl<\/strong><br \/>\nmax. 6 Kinder ab 6 Jahren<br \/>\nF\u00fcr gr\u00f6\u00dfere Gruppen erstellen wir ein individuelles Angebot f\u00fcr Sie.<\/li>\n<li><strong>Dauer<\/strong><br \/>\nab\u00a02 Stunden<\/li>\n<li><strong><strong>Kosten<br \/>\n<\/strong><\/strong>ab\u00a0\u20ac 195,- Grundgeb\u00fchr inkl.\u00a0Dekorationsmaterial<\/li>\n<\/ul>\n<a href=\"http:\/\/www.swarinasweets.at\/index.php\/kontakt\/\" class=\"post-button\">Jetzt anfragen<\/a>\n","protected":false},"excerpt":{"rendered":"<p>Ein Partykurs ist das Highlight f\u00fcr Ihre Kleinen. Als Programmpunkt w\u00e4hrend einer Veranstaltung oder als Attraktion\u00a0im Rahmen einer Party. Kinder lieben S\u00fc\u00dfes und das Experimentieren mit Geschm\u00e4ckern und Dekorationen. Begeistern Sie Ihre\u00a0jungen\u00a0Partyg\u00e4ste und machen Sie das Fest zu einem unvergesslichen Erlebnis. F\u00fcr die Betreuung unserer Partykurse f\u00fcr Kinder ist die Anwesenheit einer erwachsenen Aufsichtsperson erforderlich. [&hellip;]<\/p>\n<p><a href=\"http:\/\/www.swarinasweets.at\/index.php\/kursangebot\/workshop-fuer-kinder\/\" class=\"post-read-more\">Continue Reading&#8230;<\/a><\/p>\n","protected":false},"author":1,"featured_media":74,"parent":39,"menu_order":0,"comment_status":"closed","ping_status":"closed","template":"","meta":[],"_links":{"self":[{"href":"http:\/\/www.swarinasweets.at\/index.php\/wp-json\/wp\/v2\/pages\/47"}],"collection":[{"href":"http:\/\/www.swarinasweets.at\/index.php\/wp-json\/wp\/v2\/pages"}],"about":[{"href":"http:\/\/www.swarinasweets.at\/index.php\/wp-json\/wp\/v2\/types\/page"}],"author":[{"embeddable":true,"href":"http:\/\/www.swarinasweets.at\/index.php\/wp-json\/wp\/v2\/users\/1"}],"replies":[{"embeddable":true,"href":"http:\/\/www.swarinasweets.at\/index.php\/wp-json\/wp\/v2\/comments?post=47"}],"version-history":[{"count":13,"href":"http:\/\/www.swarinasweets.at\/index.php\/wp-json\/wp\/v2\/pages\/47\/revisions"}],"predecessor-version":[{"id":329,"href":"http:\/\/www.swarinasweets.at\/index.php\/wp-json\/wp\/v2\/pages\/47\/revisions\/329"}],"up":[{"embeddable":true,"href":"http:\/\/www.swarinasweets.at\/index.php\/wp-json\/wp\/v2\/pages\/39"}],"wp:featuredmedia":[{"embeddable":true,"href":"http:\/\/www.swarinasweets.at\/index.php\/wp-json\/wp\/v2\/media\/74"}],"wp:attachment":[{"href":"http:\/\/www.swarinasweets.at\/index.php\/wp-json\/wp\/v2\/media?parent=47"}],"curies":[{"name":"wp","href":"https:\/\/api.w.org\/{rel}","templated":true}]}}