{"id":52,"date":"2016-01-16T20:17:40","date_gmt":"2016-01-16T19:17:40","guid":{"rendered":"http:\/\/www.swarinasweets.at\/?page_id=52"},"modified":"2019-02-10T19:28:18","modified_gmt":"2019-02-10T18:28:18","slug":"kurstermine","status":"publish","type":"page","link":"http:\/\/www.swarinasweets.at\/index.php\/kursangebot\/kurstermine\/","title":{"rendered":"Kurstermine"},"content":{"rendered":"<p><img loading=\"lazy\" class=\"alignnone size-full wp-image-112\" src=\"http:\/\/www.swarinasweets.at\/wp-content\/uploads\/2016\/01\/kurstermine.jpg\" alt=\"Swarina Sweets by Sophie Holzapfel-Epstein\" width=\"980\" height=\"220\" srcset=\"http:\/\/www.swarinasweets.at\/wp-content\/uploads\/2016\/01\/kurstermine.jpg 980w, http:\/\/www.swarinasweets.at\/wp-content\/uploads\/2016\/01\/kurstermine-350x79.jpg 350w, http:\/\/www.swarinasweets.at\/wp-content\/uploads\/2016\/01\/kurstermine-840x189.jpg 840w\" sizes=\"(max-width: 980px) 100vw, 980px\" \/><\/p>\n<section class=\"split-columns\"><article class=\"left\"><\/article>\n<h4>Grundkurs eindecken und dekorieren\u00a0mit Fondant<\/h4>\n<ul>\n<li><strong>Kursinhalte<\/strong> Sie kennen all die wundersch\u00f6n dekorierten Torten und wollten immer schon so ein Meisterst\u00fcck machen. Dann ist dieser Kurs genau der Richtige! Sie lernen den Umgang mit Fondant und die wichtigsten Schritte beim Einstreichen\u00a0von Ganache, welche notwendig sind um ein glattes Eindecken zu erm\u00f6glichen. Anschlie\u00dfend zeige ich Ihnen einfache Dekorationselemente wie Blumen, T\u00fcpfchen\u00a0oder\u00a0Maschen. Gearbeitet wird\u00a0mit Torten, welche von mir im Vorfeld vorbereitet werden. Ihre kleinen Kunstwerke nehmen Sie nach dem Kurs mit nach Hause.<\/li>\n<li><strong>Vorkenntnisse<\/strong> Anf\u00e4nger &#8211;\u00a0f\u00fcr alle die immer schon mit Fondant arbeiten wollten.<\/li>\n<li><strong>Teilnehmeranzahl<\/strong> ab 4\u00a0Personen findet der Kurs statt &#8211; max. 6 Personen<\/li>\n<li><strong>Dauer<\/strong> ca. 3,5 Stunden<\/li>\n<li><strong>Kosten<\/strong>\u00a0110,- pro Person inkl. Dekorationsmaterial<\/li>\n<li><strong>Termine<\/strong>\u00a023. M\u00e4rz 2019 von 13:30 &#8211; 17:00<\/li>\n<li><strong>Ort\u00a0<\/strong>1170 Wien<\/li>\n<li><strong>Organisatorisches <\/strong>Anmeldungen sind verbindlich. Stornierungen nach Einzahlung des Kursbeitrags, k\u00f6nnen wir leider nicht mehr entgegen nehmen \u2013 gerne k\u00f6nnen Sie jedoch den Kursplatz auf eine andere Person \u00fcbertragen.<\/li>\n<\/ul>\n<p><a href=\"http:\/\/www.swarinasweets.at\/index.php\/kontakt\/\" class=\"post-button\">Jetzt anfragen<\/a> <article class=\"right\"><\/article><\/section><\/p>\n<section class=\"split-columns\"><article class=\"left\"><\/article>\n<h4><\/h4>\n<p>&nbsp;<\/p>\n<h4><\/h4>\n","protected":false},"excerpt":{"rendered":"<p>Grundkurs eindecken und dekorieren\u00a0mit Fondant Kursinhalte Sie kennen all die wundersch\u00f6n dekorierten Torten und wollten immer schon so ein Meisterst\u00fcck machen. Dann ist dieser Kurs genau der Richtige! Sie lernen den Umgang mit Fondant und die wichtigsten Schritte beim Einstreichen\u00a0von Ganache, welche notwendig sind um ein glattes Eindecken zu erm\u00f6glichen. Anschlie\u00dfend zeige ich Ihnen einfache [&hellip;]<\/p>\n<p><a href=\"http:\/\/www.swarinasweets.at\/index.php\/kursangebot\/kurstermine\/\" class=\"post-read-more\">Continue Reading&#8230;<\/a><\/p>\n","protected":false},"author":1,"featured_media":70,"parent":39,"menu_order":0,"comment_status":"closed","ping_status":"closed","template":"","meta":[],"_links":{"self":[{"href":"http:\/\/www.swarinasweets.at\/index.php\/wp-json\/wp\/v2\/pages\/52"}],"collection":[{"href":"http:\/\/www.swarinasweets.at\/index.php\/wp-json\/wp\/v2\/pages"}],"about":[{"href":"http:\/\/www.swarinasweets.at\/index.php\/wp-json\/wp\/v2\/types\/page"}],"author":[{"embeddable":true,"href":"http:\/\/www.swarinasweets.at\/index.php\/wp-json\/wp\/v2\/users\/1"}],"replies":[{"embeddable":true,"href":"http:\/\/www.swarinasweets.at\/index.php\/wp-json\/wp\/v2\/comments?post=52"}],"version-history":[{"count":63,"href":"http:\/\/www.swarinasweets.at\/index.php\/wp-json\/wp\/v2\/pages\/52\/revisions"}],"predecessor-version":[{"id":332,"href":"http:\/\/www.swarinasweets.at\/index.php\/wp-json\/wp\/v2\/pages\/52\/revisions\/332"}],"up":[{"embeddable":true,"href":"http:\/\/www.swarinasweets.at\/index.php\/wp-json\/wp\/v2\/pages\/39"}],"wp:featuredmedia":[{"embeddable":true,"href":"http:\/\/www.swarinasweets.at\/index.php\/wp-json\/wp\/v2\/media\/70"}],"wp:attachment":[{"href":"http:\/\/www.swarinasweets.at\/index.php\/wp-json\/wp\/v2\/media?parent=52"}],"curies":[{"name":"wp","href":"https:\/\/api.w.org\/{rel}","templated":true}]}}